{"id":18,"date":"2009-08-05T14:21:23","date_gmt":"2009-08-05T12:21:23","guid":{"rendered":"http:\/\/www.alex-nguyen.com\/?page_id=18"},"modified":"2009-08-05T14:21:23","modified_gmt":"2009-08-05T12:21:23","slug":"reservation-reduction","status":"publish","type":"page","link":"https:\/\/www.alex-nguyen.com\/?page_id=18","title":{"rendered":"Reservation \/ Reduction"},"content":{"rendered":"<p>REDUCTION SUR BILLETREDUC.COM :<br \/>\n<a href=\"http:\/\/www.billetreduc.com\/72703\/evt.htm\">http:\/\/www.billetreduc.com\/72703\/evt.htm<\/a><\/p>\n<p><strong>Les SAMEDIS \u00e0 19h<\/strong> au theatre LE LIEU<br \/>\n41 rue de tr\u00e9vise<br \/>\n75009 PARIS<br \/>\nM\u00e9tro : Grands Boulevards \/ Cadet<\/p>\n<p><strong>R\u00e9servation conseill\u00e9e :<\/strong><br \/>\n-Soit via <strong><a href=\"http:\/\/www.billetreduc.com\/72703\/evt.htm\">billetreduc<\/a> <\/strong><\/p>\n<p>-Soit en m&rsquo;\u00e9crivant :<br \/>\nalexstandup [@] gmail.com<\/p>\n<p>-Soit en laissant un message sur le r\u00e9pondeur du theatre :<br \/>\n01.47 70 09 69 (r\u00e9pondeur du theatre LE LIEU)<\/p>\n<p>-Soit via ce formulaire :<br \/>\n<iframe loading=\"lazy\" src=\"https:\/\/docs.google.com\/spreadsheet\/embeddedform?formkey=dFJQdzZBZTdoUE53bGFrcjFPalh4enc6MA\" width=\"760\" height=\"756\" frameborder=\"0\" marginheight=\"0\" marginwidth=\"0\">Chargement en cours&#8230;<\/iframe><\/p>\n","protected":false},"excerpt":{"rendered":"<p>REDUCTION SUR BILLETREDUC.COM : http:\/\/www.billetreduc.com\/72703\/evt.htm Les SAMEDIS \u00e0 19h au theatre LE LIEU 41 rue de tr\u00e9vise 75009 PARIS M\u00e9tro : Grands Boulevards \/ Cadet R\u00e9servation conseill\u00e9e : -Soit via billetreduc -Soit en m&rsquo;\u00e9crivant : alexstandup [@] gmail.com -Soit en laissant un message sur le r\u00e9pondeur du theatre : 01.47 70 09 69 (r\u00e9pondeur du &hellip; <a href=\"https:\/\/www.alex-nguyen.com\/?page_id=18\" class=\"more-link\">Continuer la lecture de <span class=\"screen-reader-text\">Reservation \/ Reduction<\/span><\/a><\/p>\n","protected":false},"author":2,"featured_media":0,"parent":0,"menu_order":0,"comment_status":"open","ping_status":"open","template":"","meta":[],"_links":{"self":[{"href":"https:\/\/www.alex-nguyen.com\/index.php?rest_route=\/wp\/v2\/pages\/18"}],"collection":[{"href":"https:\/\/www.alex-nguyen.com\/index.php?rest_route=\/wp\/v2\/pages"}],"about":[{"href":"https:\/\/www.alex-nguyen.com\/index.php?rest_route=\/wp\/v2\/types\/page"}],"author":[{"embeddable":true,"href":"https:\/\/www.alex-nguyen.com\/index.php?rest_route=\/wp\/v2\/users\/2"}],"replies":[{"embeddable":true,"href":"https:\/\/www.alex-nguyen.com\/index.php?rest_route=%2Fwp%2Fv2%2Fcomments&post=18"}],"version-history":[{"count":0,"href":"https:\/\/www.alex-nguyen.com\/index.php?rest_route=\/wp\/v2\/pages\/18\/revisions"}],"wp:attachment":[{"href":"https:\/\/www.alex-nguyen.com\/index.php?rest_route=%2Fwp%2Fv2%2Fmedia&parent=18"}],"curies":[{"name":"wp","href":"https:\/\/api.w.org\/{rel}","templated":true}]}}